{"id":32934,"date":"2025-08-10T22:11:23","date_gmt":"2025-08-10T20:11:23","guid":{"rendered":"https:\/\/wasteolas.com\/sign-up\/"},"modified":"2025-08-10T22:11:23","modified_gmt":"2025-08-10T20:11:23","slug":"sign-up","status":"publish","type":"page","link":"https:\/\/wasteolas.com\/en\/sign-up\/","title":{"rendered":"Sign up"},"content":{"rendered":"\n<div class=\"um um-register um-30158\">\n\t<div class=\"um-form\" data-mode=\"register\">\n\t\t<form method=\"post\" action=\"\">\n\t\t\t<div class=\"um-row _um_row_1 \" style=\"margin: 0 0 30px 0;\"><div class=\"um-col-1\"><div  id=\"um_field_30158_first_name\" class=\"um-field um-field-text  um-field-first_name um-field-text um-field-type_text\" data-key=\"first_name\"><div class=\"um-field-label\"><label for=\"first_name-30158\">Pr\u00e9nom<\/label><span class=\"um-tip um-tip-w\" title=\"Cette information reste priv\u00e9e.\"><i class=\"um-icon-help-circled\"><\/i><\/span><div class=\"um-clear\"><\/div><\/div><div class=\"um-field-area\"><input  autocomplete=\"off\" class=\"um-form-field valid not-required \" type=\"text\" name=\"first_name-30158\" id=\"first_name-30158\" value=\"\" placeholder=\"\" data-validate=\"\" data-key=\"first_name\"  aria-invalid=\"false\" \/>\n\n\t\t\t\t\t\t<\/div><\/div><div  id=\"um_field_30158_last_name\" class=\"um-field um-field-text  um-field-last_name um-field-text um-field-type_text\" data-key=\"last_name\"><div class=\"um-field-label\"><label for=\"last_name-30158\">Nom<\/label><span class=\"um-tip um-tip-w\" title=\"Cette information reste priv\u00e9e.\"><i class=\"um-icon-help-circled\"><\/i><\/span><div class=\"um-clear\"><\/div><\/div><div class=\"um-field-area\"><input  autocomplete=\"off\" class=\"um-form-field valid not-required \" type=\"text\" name=\"last_name-30158\" id=\"last_name-30158\" value=\"\" placeholder=\"\" data-validate=\"\" data-key=\"last_name\"  aria-invalid=\"false\" \/>\n\n\t\t\t\t\t\t<\/div><\/div><div  id=\"um_field_30158_last_name_7_8\" class=\"um-field um-field-text  um-field-last_name_7_8 um-field-text um-field-type_text\" data-key=\"last_name_7_8\"><div class=\"um-field-label\"><label for=\"last_name_7_8-30158\">Telephone<\/label><span class=\"um-tip um-tip-w\" title=\"Cette information reste priv\u00e9e.\"><i class=\"um-icon-help-circled\"><\/i><\/span><div class=\"um-clear\"><\/div><\/div><div class=\"um-field-area\"><input  autocomplete=\"off\" class=\"um-form-field valid not-required \" type=\"text\" name=\"last_name_7_8-30158\" id=\"last_name_7_8-30158\" value=\"\" placeholder=\"\" data-validate=\"phone_number\" data-key=\"last_name_7_8\"  aria-invalid=\"false\" \/>\n\n\t\t\t\t\t\t<\/div><\/div><div  id=\"um_field_30158_last_name_7\" class=\"um-field um-field-text  um-field-last_name_7 um-field-text um-field-type_text\" data-key=\"last_name_7\"><div class=\"um-field-label\"><label for=\"last_name_7-30158\">Entreprise<\/label><span class=\"um-tip um-tip-w\" title=\"Les membres de la plateforme peuvent voir le nom de votre entreprise.\"><i class=\"um-icon-help-circled\"><\/i><\/span><div class=\"um-clear\"><\/div><\/div><div class=\"um-field-area\"><input  autocomplete=\"off\" class=\"um-form-field valid not-required \" type=\"text\" name=\"last_name_7-30158\" id=\"last_name_7-30158\" value=\"\" placeholder=\"\" data-validate=\"\" data-key=\"last_name_7\"  aria-invalid=\"false\" \/>\n\n\t\t\t\t\t\t<\/div><\/div><div  id=\"um_field_30158_user_login\" class=\"um-field um-field-text  um-field-user_login um-field-text um-field-type_text\" data-key=\"user_login\"><div class=\"um-field-label\"><label for=\"user_login-30158\">Identifiant<span class=\"um-req\" title=\"Required\">*<\/span><\/label><span class=\"um-tip um-tip-w\" title=\"Les membres de la plateforme peuvent voir votre identifiant.\"><i class=\"um-icon-help-circled\"><\/i><\/span><div class=\"um-clear\"><\/div><\/div><div class=\"um-field-area\"><input  autocomplete=\"off\" class=\"um-form-field valid \" type=\"text\" name=\"user_login-30158\" id=\"user_login-30158\" value=\"\" placeholder=\"\" data-validate=\"unique_username\" data-key=\"user_login\"  aria-invalid=\"false\" \/>\n\n\t\t\t\t\t\t<\/div><\/div><div  id=\"um_field_30158_user_email\" class=\"um-field um-field-text  um-field-user_email um-field-text um-field-type_text\" data-key=\"user_email\"><div class=\"um-field-label\"><label for=\"user_email-30158\">Adresse e-mail<span class=\"um-req\" title=\"Required\">*<\/span><\/label><span class=\"um-tip um-tip-w\" title=\"Cette information reste priv\u00e9e. Seul un compte par adresse e-mail est autoris\u00e9.\"><i class=\"um-icon-help-circled\"><\/i><\/span><div class=\"um-clear\"><\/div><\/div><div class=\"um-field-area\"><input  autocomplete=\"off\" class=\"um-form-field valid \" type=\"text\" name=\"user_email-30158\" id=\"user_email-30158\" value=\"\" placeholder=\"\" data-validate=\"unique_email\" data-key=\"user_email\"  aria-invalid=\"false\" \/>\n\n\t\t\t\t\t\t<\/div><\/div><div  id=\"um_field_30158_user_password\" class=\"um-field um-field-password  um-field-user_password um-field-password um-field-type_password\" data-key=\"user_password\"><div class=\"um-field-label\"><label for=\"user_password-30158\">Mot de passe<span class=\"um-req\" title=\"Required\">*<\/span><\/label><span class=\"um-tip um-tip-w\" title=\"Votre mot de passe, entre 8 et 30 caract\u00e8res, doit contenir au moins une minuscule, une majuscule et un chiffre.\"><i class=\"um-icon-help-circled\"><\/i><\/span><div class=\"um-clear\"><\/div><\/div><div class=\"um-field-area\"><div class=\"um-field-area-password\">\n\t\t\t\t\t\t\t\t\t<input class=\"um-form-field valid \" type=\"password\" name=\"user_password-30158\" id=\"user_password-30158\" value=\"\" placeholder=\"\" data-validate=\"\" data-key=\"user_password\"  aria-invalid=\"false\" \/>\n\t\t\t\t\t\t\t\t\t<span class=\"um-toggle-password\"><i class=\"um-icon-eye\"><\/i><\/span>\n\t\t\t\t\t\t\t\t<\/div>\n\t\t\t\t\t\t\t<\/div><\/div><div  id=\"um_field_30158_confirm_user_password\" class=\"um-field um-field-password  um-field-user_password um-field-password um-field-type_password\" data-key=\"confirm_user_password\"><div class=\"um-field-label\"><label for=\"confirm_user_password-30158\">Confirm Mot de passe<span class=\"um-req\" title=\"Required\">*<\/span><\/label><div class=\"um-clear\"><\/div><\/div><div class=\"um-field-area\"><div class=\"um-field-area-password\"><input class=\"um-form-field valid \" type=\"password\" name=\"confirm_user_password-30158\" id=\"confirm_user_password-30158\" value=\"\" placeholder=\"Confirm Mot de passe\" data-validate=\"\" data-key=\"confirm_user_password\"  aria-invalid=\"false\" \/><span class=\"um-toggle-password\"><i class=\"um-icon-eye\"><\/i><\/span><\/div><\/div><\/div><div  class=\"um-field um-field-block  um-field-block um-field-type_block\" data-key=\"um_block_30158_10\">Lire les <a href=\"https:\/\/wasteolas.com\/cgu\">conditions g\u00e9n\u00e9rales d'utilisation<\/a> et la <a href=\"https:\/\/wasteolas.com\/privacy-policy\/\">politique de confidentialit\u00e9<\/a><\/div><div  id=\"um_field_30158_check_CGU\" class=\"um-field um-field-checkbox  um-field-check_CGU um-field-checkbox um-field-type_checkbox\" data-key=\"check_CGU\"  aria-invalid=\"false\" ><div class=\"um-field-area\"><label class=\"um-field-checkbox  um-field-half \"><input   type=\"checkbox\" name=\"check_CGU[]\" value=\"J\u2019accepte les conditions g\u00e9n\u00e9rales d&#039;utilisation et la politique de confidentialit\u00e9\"  \/><span class=\"um-field-checkbox-state\"><i class=\"um-icon-android-checkbox-outline-blank\"><\/i><\/span><span class=\"um-field-checkbox-option\">J\u2019accepte les conditions g\u00e9n\u00e9rales d&#039;utilisation et la politique de confidentialit\u00e9<\/span><\/label><div class=\"um-clear\"><\/div><\/div><\/div><\/div><\/div>\t<input type=\"hidden\" name=\"form_id\" id=\"form_id_30158\" value=\"30158\" \/>\n\t\t<p class=\"um_request_name\">\n\t\t<label for=\"um_request_30158\">Only fill in if you are not human<\/label>\n\t\t<input type=\"hidden\" name=\"um_request\" id=\"um_request_30158\" class=\"input\" value=\"\" size=\"25\" autocomplete=\"off\" \/>\n\t<\/p>\n\t<input type=\"hidden\" id=\"_wpnonce\" name=\"_wpnonce\" value=\"a10e93dd3f\" \/><input type=\"hidden\" name=\"_wp_http_referer\" value=\"\/en\/wp-json\/wp\/v2\/pages\/32934\" \/>\n\t<div class=\"um-col-alt\">\n\n\t\t\n\t\t\t<div class=\"um-left um-half\">\n\t\t\t\t<input type=\"submit\" value=\"S\u2019inscrire\" class=\"um-button\" id=\"um-submit-btn\" \/>\n\t\t\t<\/div>\n\t\t\t<div class=\"um-right um-half\">\n\t\t\t\t<a href=\"https:\/\/wasteolas.com\/en\/login\/\" class=\"um-button um-alt\">\n\t\t\t\t\tConnexion\t\t\t\t<\/a>\n\t\t\t<\/div>\n\n\t\t\n\t\t<div class=\"um-clear\"><\/div>\n\n\t<\/div>\n\n\t\t\t<\/form>\n\t<\/div>\n<\/div>\n<style>\n\t\t\t.um-30158.um {\n\t\t\tmax-width: 450px;\n\t\t}\n\t\t<\/style>\n\n","protected":false},"excerpt":{"rendered":"","protected":false},"author":3,"featured_media":0,"parent":0,"menu_order":0,"comment_status":"closed","ping_status":"closed","template":"","meta":{"_acf_changed":false,"_et_pb_use_builder":"","_et_pb_old_content":"","_et_gb_content_width":"","_jet_sm_ready_style":"","_jet_sm_style":"","_jet_sm_controls_values":"","_jet_sm_fonts_collection":"","_jet_sm_fonts_links":"","footnotes":""},"class_list":["post-32934","page","type-page","status-publish","hentry"],"acf":[],"_links":{"self":[{"href":"https:\/\/wasteolas.com\/en\/wp-json\/wp\/v2\/pages\/32934","targetHints":{"allow":["GET"]}}],"collection":[{"href":"https:\/\/wasteolas.com\/en\/wp-json\/wp\/v2\/pages"}],"about":[{"href":"https:\/\/wasteolas.com\/en\/wp-json\/wp\/v2\/types\/page"}],"author":[{"embeddable":true,"href":"https:\/\/wasteolas.com\/en\/wp-json\/wp\/v2\/users\/3"}],"replies":[{"embeddable":true,"href":"https:\/\/wasteolas.com\/en\/wp-json\/wp\/v2\/comments?post=32934"}],"version-history":[{"count":0,"href":"https:\/\/wasteolas.com\/en\/wp-json\/wp\/v2\/pages\/32934\/revisions"}],"wp:attachment":[{"href":"https:\/\/wasteolas.com\/en\/wp-json\/wp\/v2\/media?parent=32934"}],"curies":[{"name":"wp","href":"https:\/\/api.w.org\/{rel}","templated":true}]}}